{"id":98,"date":"2016-07-11T15:11:33","date_gmt":"2016-07-11T15:11:33","guid":{"rendered":"https:\/\/barbershopallstars.hu\/?page_id=98"},"modified":"2025-11-24T03:39:08","modified_gmt":"2025-11-24T02:39:08","slug":"home","status":"publish","type":"page","link":"https:\/\/barbershopallstars.hu\/en_us\/","title":{"rendered":"Homepage"},"content":{"rendered":"<div data-vc-full-width=\"true\" data-vc-full-width-init=\"false\" data-vc-stretch-content=\"true\" class=\"vc_row wpb_row vc_row-fluid vc_row-no-padding\"><div class=\"wpb_column vc_column_container vc_col-sm-12\"><div class=\"vc_column-inner\"><div class=\"wpb_wrapper\"><a id=\"sc_anchor_welcome\" class=\"sc_anchor\" \n\t\ttitle=\"\" \n\t\tdata-icon=\"\" \n\t\tdata-url=\"\"\n><\/a><div  \n\tclass=\"sc_promo sc_promo_default sc_promo_size_large\"\n\t\t><div class=\"sc_promo_image\" style=\"background-image:url(https:\/\/barbershopallstars.hu\/wp-content\/uploads\/2018\/08\/bg_home.jpg);width:50%;left: 0;\"><\/div><div class=\"sc_promo_text trx_addons_stretch_height\" style=\"width: 50%;float: right;\">\n\t\t\t<div class=\"sc_promo_text_inner sc_align_left\" style=\"\"><h2 class=\"sc_item_title sc_promo_title\">Barbershop All Stars<\/h2><h5 class=\"sc_item_subtitle sc_promo_subtitle\">Barbershop All Stars is an amazing barbershop located in the heart of Budapest<\/h5><\/div>\n\t\t<\/div><!-- \/.sc_promo_text --><\/div><!-- \/.sc_promo --><\/div><\/div><\/div><\/div><div class=\"vc_row-full-width vc_clearfix\"><\/div><div data-vc-full-width=\"true\" data-vc-full-width-init=\"false\" data-vc-stretch-content=\"true\" class=\"vc_row wpb_row vc_row-fluid vc_custom_1470744090100 vc_row-has-fill vc_row-o-full-height vc_row-o-columns-middle vc_row-flex\"><div class=\"wpb_column vc_column_container vc_col-sm-12\"><div class=\"vc_column-inner\"><div class=\"wpb_wrapper\"><a id=\"sc_anchor_services\" class=\"sc_anchor\" \n\t\ttitle=\"\" \n\t\tdata-icon=\"\" \n\t\tdata-url=\"\"\n><\/a><div class=\"vc_empty_space  height_huge\"   style=\"height: 32px\" ><span class=\"vc_empty_space_inner\"><\/span><\/div>\n<div id=\"sc_content_24615171\"\n\t\tclass=\"sc_content sc_content_default\t\t\t\t\t\t\t\t\t\t\t\t\t\t\t\t\t\t separator_bottom_yes\"\n\t\t><h2 class=\"sc_item_title sc_content_title\">Our Services<\/h2><h5 class=\"sc_item_subtitle sc_content_subtitle\">Barbershop All Stars trad\u00edcion\u00e1lis borb\u00e9ly\u00fczlet  Budapest sz\u00edv\u00e9ben<\/h5><div class=\"sc_content_container\"><\/div><\/div><!-- \/.sc_content --><div class=\"vc_empty_space  height_medium\"   style=\"height: 32px\" ><span class=\"vc_empty_space_inner\"><\/span><\/div>\n<div id=\"sc_content_1712679289\"\n\t\tclass=\"sc_content sc_content_default\t\t\t\t\t\t\t\t\t\t\t\t sc_content_width_1_1\t\t\t\t\t\t separator_bottom_yes\"\n\t\t><div class=\"sc_content_container\"><div class=\"sc_services sc_services_default\" data-slides-per-view=\"4\" data-slides-min-width=\"150\"\t\t>\n\t\t<div class=\"sc_services_columns sc_item_columns trx_addons_columns_wrap\"><div class=\"trx_addons_column-1_4 right\"><div class=\"sc_services_item\">\n\t\t\t<div class=\"sc_services_item_avatar\">\n\t\t\t<img loading=\"lazy\" decoding=\"async\" width=\"370\" height=\"493\" src=\"https:\/\/barbershopallstars.hu\/wp-content\/uploads\/2016\/07\/1-370x493-1.jpg\" class=\"attachment-berger-thumb-portrait size-berger-thumb-portrait wp-post-image\" alt=\"Barber treatment\" srcset=\"https:\/\/barbershopallstars.hu\/wp-content\/uploads\/2016\/07\/1-370x493-1.jpg 370w, https:\/\/barbershopallstars.hu\/wp-content\/uploads\/2016\/07\/1-370x493-1-225x300.jpg 225w\" sizes=\"auto, (max-width: 370px) 100vw, 370px\" \/>\t\t<\/div>\n\t\t<div class=\"sc_services_item_info\">\n\t\t<div class=\"sc_services_item_header\">\n            <div class=\"sc_services_item_icon trx_addons_icon-placeholder\"><\/div>\n\t\t\t<h5 class=\"sc_services_item_title\"><a href=\"https:\/\/barbershopallstars.hu\/en_us\/cpt_services\/styling\/\">Barber treatment<\/a><\/h5>\n\t\t<\/div>\n\t\t<div class=\"sc_services_item_content\"><p>Classic Barbershop feeling with haircut and beardtrim <\/p>\n<\/div>\n\t\t<div class=\"sc_services_item_button\"><a href=\"https:\/\/barbershopallstars.hu\/en_us\/cpt_services\/styling\/\">Read more<\/a><\/div>\n\t<\/div>\n<\/div>\n<\/div><div class=\"trx_addons_column-1_4 right\"><div class=\"sc_services_item\">\n\t\t\t<div class=\"sc_services_item_avatar\">\n\t\t\t<img loading=\"lazy\" decoding=\"async\" width=\"370\" height=\"493\" src=\"https:\/\/barbershopallstars.hu\/wp-content\/uploads\/2016\/07\/3-370x493-1.jpg\" class=\"attachment-berger-thumb-portrait size-berger-thumb-portrait wp-post-image\" alt=\"Forr\u00f3t\u00f6r\u00f6lk\u00f6z\u0151s teljes borotv\u00e1l\u00e1s\" srcset=\"https:\/\/barbershopallstars.hu\/wp-content\/uploads\/2016\/07\/3-370x493-1.jpg 370w, https:\/\/barbershopallstars.hu\/wp-content\/uploads\/2016\/07\/3-370x493-1-225x300.jpg 225w\" sizes=\"auto, (max-width: 370px) 100vw, 370px\" \/>\t\t<\/div>\n\t\t<div class=\"sc_services_item_info\">\n\t\t<div class=\"sc_services_item_header\">\n            <div class=\"sc_services_item_icon trx_addons_icon-razor\"><\/div>\n\t\t\t<h5 class=\"sc_services_item_title\"><a href=\"https:\/\/barbershopallstars.hu\/en_us\/cpt_services\/shaving\/\">Shaving<\/a><\/h5>\n\t\t<\/div>\n\t\t<div class=\"sc_services_item_content\"><p>A multi-step process based hot towel shaving <\/p>\n<\/div>\n\t\t<div class=\"sc_services_item_button\"><a href=\"https:\/\/barbershopallstars.hu\/en_us\/cpt_services\/shaving\/\">Read more<\/a><\/div>\n\t<\/div>\n<\/div>\n<\/div><div class=\"trx_addons_column-1_4 left\"><div class=\"sc_services_item\">\n\t\t\t<div class=\"sc_services_item_avatar\">\n\t\t\t<img loading=\"lazy\" decoding=\"async\" width=\"370\" height=\"493\" src=\"https:\/\/barbershopallstars.hu\/wp-content\/uploads\/2016\/07\/2-370x493-1.jpg\" class=\"attachment-berger-thumb-portrait size-berger-thumb-portrait wp-post-image\" alt=\"G\u00e9pi hajv\u00e1g\u00e1s\" srcset=\"https:\/\/barbershopallstars.hu\/wp-content\/uploads\/2016\/07\/2-370x493-1.jpg 370w, https:\/\/barbershopallstars.hu\/wp-content\/uploads\/2016\/07\/2-370x493-1-225x300.jpg 225w\" sizes=\"auto, (max-width: 370px) 100vw, 370px\" \/>\t\t<\/div>\n\t\t<div class=\"sc_services_item_info\">\n\t\t<div class=\"sc_services_item_header\">\n            <div class=\"sc_services_item_icon trx_addons_icon-electric-razor\"><\/div>\n\t\t\t<h5 class=\"sc_services_item_title\"><a href=\"https:\/\/barbershopallstars.hu\/en_us\/cpt_services\/trimming\/\">Clipper Cut<\/a><\/h5>\n\t\t<\/div>\n\t\t<div class=\"sc_services_item_content\"><p>A clipper cut across the entire head using only one guard. No fading.<\/p>\n<\/div>\n\t\t<div class=\"sc_services_item_button\"><a href=\"https:\/\/barbershopallstars.hu\/en_us\/cpt_services\/trimming\/\">Read more<\/a><\/div>\n\t<\/div>\n<\/div>\n<\/div><div class=\"trx_addons_column-1_4 left\"><div class=\"sc_services_item\">\n\t\t\t<div class=\"sc_services_item_avatar\">\n\t\t\t<img loading=\"lazy\" decoding=\"async\" width=\"370\" height=\"493\" src=\"https:\/\/barbershopallstars.hu\/wp-content\/uploads\/2016\/07\/1-370x493-1.jpg\" class=\"attachment-berger-thumb-portrait size-berger-thumb-portrait wp-post-image\" alt=\"Hajv\u00e1g\u00e1s\" srcset=\"https:\/\/barbershopallstars.hu\/wp-content\/uploads\/2016\/07\/1-370x493-1.jpg 370w, https:\/\/barbershopallstars.hu\/wp-content\/uploads\/2016\/07\/1-370x493-1-225x300.jpg 225w\" sizes=\"auto, (max-width: 370px) 100vw, 370px\" \/>\t\t<\/div>\n\t\t<div class=\"sc_services_item_info\">\n\t\t<div class=\"sc_services_item_header\">\n            <div class=\"sc_services_item_icon trx_addons_icon-scissors-1\"><\/div>\n\t\t\t<h5 class=\"sc_services_item_title\"><a href=\"https:\/\/barbershopallstars.hu\/en_us\/cpt_services\/haircutting\/\">Haircutting<\/a><\/h5>\n\t\t<\/div>\n\t\t<div class=\"sc_services_item_content\"><p>You will experience precision cutting and styling at its finest from our top stylists, this treatment offers a consultation, a complimentary shampoo and condition. <\/p>\n<\/div>\n\t\t<div class=\"sc_services_item_button\"><a href=\"https:\/\/barbershopallstars.hu\/en_us\/cpt_services\/haircutting\/\">Read more<\/a><\/div>\n\t<\/div>\n<\/div>\n<\/div><\/div><\/div><!-- \/.sc_services --><\/div><\/div><!-- \/.sc_content --><div class=\"vc_empty_space  height_huge\"   style=\"height: 32px\" ><span class=\"vc_empty_space_inner\"><\/span><\/div>\n<div class=\"sc_team sc_team_default\" data-slides-per-view=\"2\" data-slides-min-width=\"150\"\t\t>\n\t\t<div class=\"sc_team_columns sc_item_columns trx_addons_columns_wrap columns_padding_bottom\"><div class=\"trx_addons_column-1_2\"><div class=\"sc_team_item\">\n\t\t\t<div class=\"sc_team_item_avatar trx_addons_hover trx_addons_hover_style_zoomin\">\n\t\t\t<img loading=\"lazy\" decoding=\"async\" width=\"370\" height=\"370\" src=\"https:\/\/barbershopallstars.hu\/wp-content\/uploads\/2016\/07\/IMG_5513-1-e1588276187788-370x370.jpg\" class=\"attachment-berger-thumb-avatar size-berger-thumb-avatar wp-post-image\" alt=\"\u00c1kos\" srcset=\"https:\/\/barbershopallstars.hu\/wp-content\/uploads\/2016\/07\/IMG_5513-1-e1588276187788-370x370.jpg 370w, https:\/\/barbershopallstars.hu\/wp-content\/uploads\/2016\/07\/IMG_5513-1-e1588276187788-150x150.jpg 150w, https:\/\/barbershopallstars.hu\/wp-content\/uploads\/2016\/07\/IMG_5513-1-e1588276187788-300x300.jpg 300w, https:\/\/barbershopallstars.hu\/wp-content\/uploads\/2016\/07\/IMG_5513-1-e1588276187788-768x769.jpg 768w, https:\/\/barbershopallstars.hu\/wp-content\/uploads\/2016\/07\/IMG_5513-1-e1588276187788-1024x1024.jpg 1024w, https:\/\/barbershopallstars.hu\/wp-content\/uploads\/2016\/07\/IMG_5513-1-e1588276187788-75x75.jpg 75w, https:\/\/barbershopallstars.hu\/wp-content\/uploads\/2016\/07\/IMG_5513-1-e1588276187788-770x771.jpg 770w, https:\/\/barbershopallstars.hu\/wp-content\/uploads\/2016\/07\/IMG_5513-1-e1588276187788-1536x1536.jpg 1536w, https:\/\/barbershopallstars.hu\/wp-content\/uploads\/2016\/07\/IMG_5513-1-e1588276187788-2046x2048.jpg 2046w\" sizes=\"auto, (max-width: 370px) 100vw, 370px\" \/>\n\t\t<\/div>\n\t\t<div class=\"sc_team_item_info\">\n\t\t<div class=\"sc_team_item_header\">\n\t\t\t<h3 class=\"sc_team_item_title\"><a href=\"https:\/\/barbershopallstars.hu\/en_us\/cpt_team\/akos\/\">\u00c1kos<\/a><\/h3>\n\t\t\t<div class=\"sc_team_item_subtitle\">Barber<\/div>\n            <div class=\"sc_team_links\">\n                <a href=\"https:\/\/barbershopallstars.hu\/en_us\/cpt_team\/akos\/\" class=\"sc_team_links_icon trx_addons_icon-link\"><\/a>\n                <a href=\"https:\/\/barbershopallstars.hu\/wp-content\/uploads\/2016\/07\/IMG_5513-1-e1588276187788.jpg\" class=\"sc_team_links_icon trx_addons_icon-search\"><\/a>\n            <\/div>\n\t\t<\/div>\n\n\n\t<\/div>\n<\/div>\n<\/div><div class=\"trx_addons_column-1_2\"><div class=\"sc_team_item\">\n\t\t\t<div class=\"sc_team_item_avatar trx_addons_hover trx_addons_hover_style_zoomin\">\n\t\t\t<img loading=\"lazy\" decoding=\"async\" width=\"370\" height=\"370\" src=\"https:\/\/barbershopallstars.hu\/wp-content\/uploads\/2016\/07\/barberw-370x370.jpg\" class=\"attachment-berger-thumb-avatar size-berger-thumb-avatar wp-post-image\" alt=\"Barber-Wanted\" srcset=\"https:\/\/barbershopallstars.hu\/wp-content\/uploads\/2016\/07\/barberw-370x370.jpg 370w, https:\/\/barbershopallstars.hu\/wp-content\/uploads\/2016\/07\/barberw-300x300.jpg 300w, https:\/\/barbershopallstars.hu\/wp-content\/uploads\/2016\/07\/barberw-150x150.jpg 150w, https:\/\/barbershopallstars.hu\/wp-content\/uploads\/2016\/07\/barberw-75x75.jpg 75w, https:\/\/barbershopallstars.hu\/wp-content\/uploads\/2016\/07\/barberw.jpg 487w\" sizes=\"auto, (max-width: 370px) 100vw, 370px\" \/>\n\t\t<\/div>\n\t\t<div class=\"sc_team_item_info\">\n\t\t<div class=\"sc_team_item_header\">\n\t\t\t<h3 class=\"sc_team_item_title\"><a href=\"https:\/\/barbershopallstars.hu\/en_us\/cpt_team\/barber-wanted\/\">Barber-Wanted<\/a><\/h3>\n\t\t\t<div class=\"sc_team_item_subtitle\">Barber<\/div>\n            <div class=\"sc_team_links\">\n                <a href=\"https:\/\/barbershopallstars.hu\/en_us\/cpt_team\/barber-wanted\/\" class=\"sc_team_links_icon trx_addons_icon-link\"><\/a>\n                <a href=\"https:\/\/barbershopallstars.hu\/wp-content\/uploads\/2016\/07\/barberw.jpg\" class=\"sc_team_links_icon trx_addons_icon-search\"><\/a>\n            <\/div>\n\t\t<\/div>\n\n\n\t<\/div>\n<\/div>\n<\/div><\/div><\/div><!-- \/.sc_team --><div class=\"vc_empty_space  height_tiny\"   style=\"height: 32px\" ><span class=\"vc_empty_space_inner\"><\/span><\/div>\n<\/div><\/div><\/div><\/div><div class=\"vc_row-full-width vc_clearfix\"><\/div>\n<div data-vc-full-width=\"true\" data-vc-full-width-init=\"false\" data-vc-stretch-content=\"true\" class=\"vc_row wpb_row vc_row-fluid vc_custom_1468568018265 vc_row-has-fill vc_row-no-padding\"><div class=\"wpb_column vc_column_container vc_col-sm-12\"><div class=\"vc_column-inner\"><div class=\"wpb_wrapper\"><br \/><div  \n\tclass=\"sc_promo sc_promo_default sc_promo_size_large\"\n\t\t><div class=\"sc_promo_image\" style=\"background-image:url(https:\/\/barbershopallstars.hu\/wp-content\/uploads\/2018\/09\/bg_prices.jpg);width:50%;left: 0;\"><\/div><div class=\"sc_promo_text trx_addons_stretch_height\" style=\"width: 50%;float: right;\">\n\t\t\t<div class=\"sc_promo_text_inner sc_align_left\" style=\"\"><div class=\"sc_promo_content sc_item_content\"><\/p>\n<div id=\"sc_content_2005304056\"\n\t\tclass=\"sc_content sc_content_default\t\t\t sc_float_left\t\t\t sc_align_left\t\t\t\t\t\t\t\t\t\t\t\t separator_bottom_yes\"\n\t\t><h2 class=\"sc_item_title sc_content_title\">Pricelist<\/h2><div class=\"sc_content_container\"><div id=\"sc_table_1456630967_wrap\" class=\"sc_table_wrap sc_type_default\"><div id=\"sc_table_1456630967\"\n\t\t\tclass=\"sc_table alignleft\"\n\t\t\t style=\"width:147%;\"\t\t\t><div class=\"wpb_text_column wpb_content_element\" >\n\t\t<div class=\"wpb_wrapper\">\n\t\t\t<table class=\"arlista_table\">\n<tbody>\n<tr>\n<td>Barber Treatment (60 min)<\/td>\n<td>11200Ft \/ 29\u20ac<\/td>\n<\/tr>\n<tr>\n<td>Haircut for Kids (30 min)<\/td>\n<td>5800Ft \/ 16\u20ac<\/td>\n<\/tr>\n<tr>\n<td>Haircoloring<\/td>\n<td>6000Ft \/ 16\u20ac<\/td>\n<\/tr>\n<tr>\n<td>Haircutting<\/td>\n<td>7800Ft \/ 20\u20ac<\/td>\n<\/tr>\n<tr>\n<td>Haircut+Beardcoloring+Trim<\/td>\n<td>14700Ft \/ 38\u20ac<\/td>\n<\/tr>\n<tr>\n<td>Hot towel Shaving<\/td>\n<td>6500Ft \/ 17\u20ac<\/td>\n<\/tr>\n<tr>\n<td>Beardtrim<\/td>\n<td>5000Ft \/ 13\u20ac<\/td>\n<\/tr>\n<tr>\n<td>Beardcolouring+Trim<\/td>\n<td>8800Ft \/ 23\u20ac<\/td>\n<\/tr>\n<\/tbody>\n<\/table>\n\n\t\t<\/div>\n\t<\/div>\t<\/div><\/div><!-- \/.sc_table_wrap --><\/div><\/div><!-- \/.sc_content --><\/div><div class=\"sc_item_button sc_promo_button sc_button_wrap\"><a href=\"https:\/\/hu.fresha.com\/book-now\/barbershop-allstars-vyogo1xh\/all-offer?id=674124&#038;pId=632292\"\n\t \n\tclass=\"sc_button sc_button_default sc_button_size_normal sc_button_icon_top\"\n\t\t><span class=\"sc_button_icon\"><span class=\"icon-down-big\"><\/span><\/span><span class=\"sc_button_text\"><span class=\"sc_button_title\">Make An Appointment<\/span><\/span><!-- \/.sc_button_text --><\/a><!-- \/.sc_button --><\/div><!-- \/.sc_item_button sc_promo_button --><\/div>\n\t\t<\/div><!-- \/.sc_promo_text --><\/div><!-- \/.sc_promo --><a id=\"sc_anchor_prices\" class=\"sc_anchor\" \n\t\ttitle=\"\" \n\t\tdata-icon=\"\" \n\t\tdata-url=\"\"\n><\/a><\/div><\/div><\/div><\/div><div class=\"vc_row-full-width vc_clearfix\"><\/div>\n\n\n\n<div class=\"vc_empty_space  height_medium\"   style=\"height: 0px\" ><span class=\"vc_empty_space_inner\"><\/span><\/div>\n<div id=\"sc_content_371178455\"\n\t\tclass=\"sc_content sc_content_default\"\n\t\t><h2 class=\"sc_item_title sc_content_title\">Maps<\/h2><div class=\"sc_content_container\"><\/div><\/div><!-- \/.sc_content --><\/p>\n\n\n\n<iframe src=\"https:\/\/www.google.com\/maps\/embed?pb=!1m18!1m12!1m3!1d2695.545613238465!2d19.05792927690783!3d47.49876459541708!2m3!1f0!2f0!3f0!3m2!1i1024!2i768!4f13.1!3m3!1m2!1s0x4741dde2127693f9%3A0xf96f554d2a3f5b72!2sBarber%20Shop%20All-Stars!5e0!3m2!1sen!2shu!4v1763371986252!5m2!1sen!2shu\" width=\"100%\" height=\"450\" style=\"border:0;\" allowfullscreen=\"\" loading=\"lazy\" referrerpolicy=\"no-referrer-when-downgrade\"><\/iframe>\n\n\n\n<div class=\"vc_empty_space  height_medium\"   style=\"height: 0px\" ><span class=\"vc_empty_space_inner\"><\/span><\/div>","protected":false},"excerpt":{"rendered":"Barber koll\u00e9g\u00e1t vagy koll\u00e9gan\u0151t keres\u00fcnk! Sz\u00e9kb\u00e9rleti illetve sz\u00e1zal\u00e9kos rendszer is van, vend\u00e9gk\u00f6r nem elv\u00e1r\u00e1s , ha szorgalmas vagy ki\u00e9p\u00edtheted n\u00e1lunk is. \u00dczlet\u00fcnk Budapesten a bulinegyed k\u00f6zep\u00e9n a Gozsdu udvar k\u00f6zvetlen k\u00f6zel\u00e9ben tal\u00e1lhat\u00f3. Ha saj\u00e1t vend\u00e9gk\u00f6rrel rendelkezel, unod m\u00e1r az alkalmazotti munkaviszonyt \u00e9s szeretn\u00e9l a saj\u00e1t l\u00e1badra \u00e1llni ig\u00e9nyes k\u00f6rnyezetben k\u00f6t\u00f6tt munkaid\u0151 n\u00e9lk\u00fcl akkor v\u00e1laszd a sz\u00e9kb\u00e9rleti rendszert! Amit k\u00edn\u00e1lunk; kellemes&hellip;","protected":false},"author":1,"featured_media":806,"parent":0,"menu_order":0,"comment_status":"closed","ping_status":"closed","template":"","meta":{"footnotes":""},"class_list":["post-98","page","type-page","status-publish","has-post-thumbnail","hentry"],"_links":{"self":[{"href":"https:\/\/barbershopallstars.hu\/en_us\/wp-json\/wp\/v2\/pages\/98","targetHints":{"allow":["GET"]}}],"collection":[{"href":"https:\/\/barbershopallstars.hu\/en_us\/wp-json\/wp\/v2\/pages"}],"about":[{"href":"https:\/\/barbershopallstars.hu\/en_us\/wp-json\/wp\/v2\/types\/page"}],"author":[{"embeddable":true,"href":"https:\/\/barbershopallstars.hu\/en_us\/wp-json\/wp\/v2\/users\/1"}],"replies":[{"embeddable":true,"href":"https:\/\/barbershopallstars.hu\/en_us\/wp-json\/wp\/v2\/comments?post=98"}],"version-history":[{"count":59,"href":"https:\/\/barbershopallstars.hu\/en_us\/wp-json\/wp\/v2\/pages\/98\/revisions"}],"predecessor-version":[{"id":987,"href":"https:\/\/barbershopallstars.hu\/en_us\/wp-json\/wp\/v2\/pages\/98\/revisions\/987"}],"wp:featuredmedia":[{"embeddable":true,"href":"https:\/\/barbershopallstars.hu\/en_us\/wp-json\/wp\/v2\/media\/806"}],"wp:attachment":[{"href":"https:\/\/barbershopallstars.hu\/en_us\/wp-json\/wp\/v2\/media?parent=98"}],"curies":[{"name":"wp","href":"https:\/\/api.w.org\/{rel}","templated":true}]}}